{"id":34938,"date":"2021-08-25T13:23:02","date_gmt":"2021-08-25T13:23:02","guid":{"rendered":"https:\/\/edibbee.com\/contacto\/"},"modified":"2024-05-30T10:42:03","modified_gmt":"2024-05-30T10:42:03","slug":"contacto","status":"publish","type":"page","link":"https:\/\/edibbee.com\/pt-pt\/contacto\/","title":{"rendered":"Contacto"},"content":{"rendered":"\t\t<div data-elementor-type=\"wp-page\" data-elementor-id=\"34938\" class=\"elementor elementor-34938 elementor-492\">\n\t\t\t\t\t\t<section class=\"elementor-section elementor-top-section elementor-element elementor-element-7a953ec2 elementor-section-content-middle elementor-section-boxed elementor-section-height-default elementor-section-height-default\" data-id=\"7a953ec2\" data-element_type=\"section\" data-e-type=\"section\">\n\t\t\t\t\t\t<div class=\"elementor-container elementor-column-gap-default\">\n\t\t\t\t\t<div class=\"elementor-column elementor-col-50 elementor-top-column elementor-element elementor-element-127c1316\" data-id=\"127c1316\" data-element_type=\"column\" data-e-type=\"column\">\n\t\t\t<div class=\"elementor-widget-wrap elementor-element-populated\">\n\t\t\t\t\t\t<div class=\"elementor-element elementor-element-18a9185 elementor-widget elementor-widget-hub_fancy_heading\" data-id=\"18a9185\" data-element_type=\"widget\" data-e-type=\"widget\" data-widget_type=\"hub_fancy_heading.default\">\n\t\t\t\t<div class=\"elementor-widget-container\">\n\t\t\t\t\t\n\t\t<div id=\"ld-fancy-heading-69d2a556ab4a7\" class=\"ld-fancy-heading pos-rel\">\n\t\t\t<h1 class=\"ld-fh-element d-inline-block pos-rel  elementor-heading-title lqd-highlight-classic lqd-highlight-grow-left h1\"  > Contacto<br><em class=\"h3\">  n\u00f3s<\/em><\/h1>\t\t<\/div>\n\n\t\t\t\t\t\t<\/div>\n\t\t\t\t<\/div>\n\t\t\t\t\t<\/div>\n\t\t<\/div>\n\t\t\t\t<div class=\"elementor-column elementor-col-50 elementor-top-column elementor-element elementor-element-2ece78e2\" data-id=\"2ece78e2\" data-element_type=\"column\" data-e-type=\"column\">\n\t\t\t<div class=\"elementor-widget-wrap elementor-element-populated\">\n\t\t\t\t\t\t<div class=\"elementor-element elementor-element-1684b00 elementor-widget elementor-widget-hub_fancy_heading\" data-id=\"1684b00\" data-element_type=\"widget\" data-e-type=\"widget\" data-widget_type=\"hub_fancy_heading.default\">\n\t\t\t\t<div class=\"elementor-widget-container\">\n\t\t\t\t\t\n\t\t<div id=\"ld-fancy-heading-69d2a556ab943\" class=\"ld-fancy-heading pos-rel\">\n\t\t\t<p class=\"ld-fh-element d-inline-block pos-rel  lqd-highlight-classic lqd-highlight-grow-left p\"  > A nossa prioridade \u00e9 prestar um servi\u00e7o excepcional e o nosso foco principal \u00e9 o seu ROI e subsequentemente o nosso sucesso \u00e9 baseado no seu sucesso.<\/p>\t\t<\/div>\n\n\t\t\t\t\t\t<\/div>\n\t\t\t\t<\/div>\n\t\t\t\t\t<\/div>\n\t\t<\/div>\n\t\t\t\t\t<\/div>\n\t\t<\/section>\n\t\t\t\t<section data-section-luminosity=\"dark\" class=\"elementor-section elementor-top-section elementor-element elementor-element-14107030 elementor-section-boxed elementor-section-height-default elementor-section-height-default\" data-id=\"14107030\" data-element_type=\"section\" data-e-type=\"section\" data-settings=\"{&quot;background_background&quot;:&quot;classic&quot;}\">\n\t\t\t\t\t\t<div class=\"elementor-container elementor-column-gap-default\">\n\t\t\t\t\t<div class=\"elementor-column elementor-col-100 elementor-top-column elementor-element elementor-element-2de2db10\" data-id=\"2de2db10\" data-element_type=\"column\" data-e-type=\"column\">\n\t\t\t<div class=\"elementor-widget-wrap\">\n\t\t\t\t\t\t\t<\/div>\n\t\t<\/div>\n\t\t\t\t\t<\/div>\n\t\t<\/section>\n\t\t\t\t<section class=\"elementor-section elementor-top-section elementor-element elementor-element-13ea2f7 elementor-section-full_width elementor-section-height-default elementor-section-height-default\" data-id=\"13ea2f7\" data-element_type=\"section\" data-e-type=\"section\" data-settings=\"{&quot;background_background&quot;:&quot;classic&quot;}\">\n\t\t\t\t\t\t<div class=\"elementor-container elementor-column-gap-default\">\n\t\t\t\t\t<div class=\"elementor-column elementor-col-50 elementor-top-column elementor-element elementor-element-5b389462\" data-id=\"5b389462\" data-element_type=\"column\" data-e-type=\"column\" data-settings=\"{&quot;background_background&quot;:&quot;classic&quot;}\">\n\t\t\t<div class=\"elementor-widget-wrap elementor-element-populated\">\n\t\t\t\t\t\t<div class=\"elementor-element elementor-element-9803977 elementor-widget elementor-widget-spacer\" data-id=\"9803977\" data-element_type=\"widget\" data-e-type=\"widget\" data-widget_type=\"spacer.default\">\n\t\t\t\t<div class=\"elementor-widget-container\">\n\t\t\t\t\t\t\t<div class=\"elementor-spacer\">\n\t\t\t<div class=\"elementor-spacer-inner\"><\/div>\n\t\t<\/div>\n\t\t\t\t\t\t<\/div>\n\t\t\t\t<\/div>\n\t\t\t\t<div class=\"elementor-element elementor-element-510ca271 elementor-widget elementor-widget-ld_tabs\" data-id=\"510ca271\" data-element_type=\"widget\" data-e-type=\"widget\" data-widget_type=\"ld_tabs.default\">\n\t\t\t\t<div class=\"elementor-widget-container\">\n\t\t\t\t\t\t\t<div class=\"lqd-tabs lqd-tabs-style-12 lqd-tabs-nav-plain d-flex lqd-tabs-nav-items-not-expanded flex-column 510ca271 lqd-nav-underline-default\" data-tabs-options=\"{&quot;trigger&quot;:&quot;click&quot;}\">\n\n\t\t\t<nav class=\"lqd-tabs-nav-wrap mb-6\">\n\t\t\t\t<ul class=\"reset-ul lqd-tabs-nav d-flex align-items-center flex-wrap justify-content-md-start pos-rel\" role=\"tablist\"><li data-controls=\"lqd-tab-1351\" role=\"presentation\" class=\"elementor-repeater-item-b79a58b active mb-3\"><a class=\"d-flex align-items-center\" href=\"#lqd-tab-1351\" data-bs-target=\"#lqd-tab-1351\" aria-expanded=\"false\" aria-controls=\"lqd-tab-1351\" role=\"tab\" data-toggle=\"tab\" data-bs-toggle=\"tab\"><span class=\"lqd-tabs-nav-txt\">Lisboa<\/span><\/a><\/li><li data-controls=\"lqd-tab-1352\" role=\"presentation\" class=\"elementor-repeater-item-f9217c9 mb-3\"><a class=\"d-flex align-items-center\" href=\"#lqd-tab-1352\" data-bs-target=\"#lqd-tab-1352\" aria-expanded=\"false\" aria-controls=\"lqd-tab-1352\" role=\"tab\" data-toggle=\"tab\" data-bs-toggle=\"tab\"><span class=\"lqd-tabs-nav-txt\">Mumbai<\/span><\/a><\/li><\/ul>\t\t\t\t\t\t\t<\/nav>\n\n\t\t\t<div class=\"lqd-tabs-content pos-rel\"><div id=\"lqd-tab-1351\" role=\"tabpanel\" class=\"lqd-tabs-pane fade active in\"><style>.elementor-502 .elementor-element.elementor-element-721b378a > .elementor-element-populated{margin:0% 17% 0% 0%;--e-column-margin-right:17%;--e-column-margin-left:0%;padding:34px 32px 0px 0px;}.elementor-502 .elementor-element.elementor-element-2a65341c .ld-fh-element, .elementor-502 .elementor-element.elementor-element-2a65341c .ld-fh-element a{color:#000000;}.elementor-502 .elementor-element.elementor-element-2a65341c .ld-fh-element{font-size:13px;font-weight:700;text-transform:uppercase;letter-spacing:1.3px;margin:0em 0em 1.35em 0em;}.elementor-502 .elementor-element.elementor-element-2a65341c .lqd-highlight-inner, .elementor-502 .elementor-element.elementor-element-2a65341c .lqd-highlight-inner .lqd-highlight-brush-svg{height:0.275em;}.elementor-502 .elementor-element.elementor-element-2a65341c .lqd-highlight-inner{bottom:0em;left:0em;}.elementor-502 .elementor-element.elementor-element-6878009a .ld-fh-element, .elementor-502 .elementor-element.elementor-element-6878009a .ld-fh-element a{color:#000000;}.elementor-502 .elementor-element.elementor-element-6878009a .ld-fh-element{font-size:16px;line-height:1.18em;margin:0em 0em 1.5em 0em;}.elementor-502 .elementor-element.elementor-element-6878009a .lqd-highlight-inner, .elementor-502 .elementor-element.elementor-element-6878009a .lqd-highlight-inner .lqd-highlight-brush-svg{height:0.275em;}.elementor-502 .elementor-element.elementor-element-6878009a .lqd-highlight-inner{bottom:0em;left:0em;}@media(max-width:1199px){.elementor-502 .elementor-element.elementor-element-721b378a > .elementor-element-populated{margin:0px 8.75px 0px 0px;--e-column-margin-right:8.75px;--e-column-margin-left:0px;}}<\/style>\t\t<div data-elementor-type=\"section\" data-elementor-id=\"502\" class=\"elementor elementor-502\">\n\t\t\t\t\t\t<section class=\"elementor-section elementor-top-section elementor-element elementor-element-1b61b791 elementor-section-boxed elementor-section-height-default elementor-section-height-default\" data-id=\"1b61b791\" data-element_type=\"section\" data-e-type=\"section\">\n\t\t\t\t\t\t<div class=\"elementor-container elementor-column-gap-default\">\n\t\t\t\t\t<div class=\"elementor-column elementor-col-100 elementor-top-column elementor-element elementor-element-721b378a\" data-id=\"721b378a\" data-element_type=\"column\" data-e-type=\"column\">\n\t\t\t<div class=\"elementor-widget-wrap elementor-element-populated\">\n\t\t\t\t\t\t<div class=\"elementor-element elementor-element-2a65341c elementor-widget elementor-widget-hub_fancy_heading\" data-id=\"2a65341c\" data-element_type=\"widget\" data-e-type=\"widget\" data-widget_type=\"hub_fancy_heading.default\">\n\t\t\t\t<div class=\"elementor-widget-container\">\n\t\t\t\t\t\n\t\t<div id=\"ld-fancy-heading-69d2a556c1fa5\" class=\"ld-fancy-heading pos-rel\">\n\t\t\t<h6 class=\"ld-fh-element d-inline-block pos-rel  elementor-heading-title lqd-highlight-classic lqd-highlight-grow-left h6\"  > Get in touch<\/h6>\t\t<\/div>\n\n\t\t\t\t\t\t<\/div>\n\t\t\t\t<\/div>\n\t\t\t\t<div class=\"elementor-element elementor-element-6878009a elementor-widget elementor-widget-hub_fancy_heading\" data-id=\"6878009a\" data-element_type=\"widget\" data-e-type=\"widget\" data-widget_type=\"hub_fancy_heading.default\">\n\t\t\t\t<div class=\"elementor-widget-container\">\n\t\t\t\t\t\n\t\t<div id=\"ld-fancy-heading-69d2a556c25ff\" class=\"ld-fancy-heading pos-rel\">\n\t\t\t<p class=\"ld-fh-element d-inline-block pos-rel  lqd-highlight-classic lqd-highlight-grow-left p\"  > Have a project in mind? Send a message.<\/p>\t\t<\/div>\n\n\t\t\t\t\t\t<\/div>\n\t\t\t\t<\/div>\n\t\t\t\t\t<\/div>\n\t\t<\/div>\n\t\t\t\t\t<\/div>\n\t\t<\/section>\n\t\t\t\t<\/div>\n\t\t <\/div><div id=\"lqd-tab-1352\" role=\"tabpanel\" class=\"lqd-tabs-pane fade\"><style>.elementor-502 .elementor-element.elementor-element-721b378a > .elementor-element-populated{margin:0% 17% 0% 0%;--e-column-margin-right:17%;--e-column-margin-left:0%;padding:34px 32px 0px 0px;}.elementor-502 .elementor-element.elementor-element-2a65341c .ld-fh-element, .elementor-502 .elementor-element.elementor-element-2a65341c .ld-fh-element a{color:#000000;}.elementor-502 .elementor-element.elementor-element-2a65341c .ld-fh-element{font-size:13px;font-weight:700;text-transform:uppercase;letter-spacing:1.3px;margin:0em 0em 1.35em 0em;}.elementor-502 .elementor-element.elementor-element-2a65341c .lqd-highlight-inner, .elementor-502 .elementor-element.elementor-element-2a65341c .lqd-highlight-inner .lqd-highlight-brush-svg{height:0.275em;}.elementor-502 .elementor-element.elementor-element-2a65341c .lqd-highlight-inner{bottom:0em;left:0em;}.elementor-502 .elementor-element.elementor-element-6878009a .ld-fh-element, .elementor-502 .elementor-element.elementor-element-6878009a .ld-fh-element a{color:#000000;}.elementor-502 .elementor-element.elementor-element-6878009a .ld-fh-element{font-size:16px;line-height:1.18em;margin:0em 0em 1.5em 0em;}.elementor-502 .elementor-element.elementor-element-6878009a .lqd-highlight-inner, .elementor-502 .elementor-element.elementor-element-6878009a .lqd-highlight-inner .lqd-highlight-brush-svg{height:0.275em;}.elementor-502 .elementor-element.elementor-element-6878009a .lqd-highlight-inner{bottom:0em;left:0em;}@media(max-width:1199px){.elementor-502 .elementor-element.elementor-element-721b378a > .elementor-element-populated{margin:0px 8.75px 0px 0px;--e-column-margin-right:8.75px;--e-column-margin-left:0px;}}<\/style>\t\t<div data-elementor-type=\"section\" data-elementor-id=\"502\" class=\"elementor elementor-502\">\n\t\t\t\t\t\t<section class=\"elementor-section elementor-top-section elementor-element elementor-element-1b61b791 elementor-section-boxed elementor-section-height-default elementor-section-height-default\" data-id=\"1b61b791\" data-element_type=\"section\" data-e-type=\"section\">\n\t\t\t\t\t\t<div class=\"elementor-container elementor-column-gap-default\">\n\t\t\t\t\t<div class=\"elementor-column elementor-col-100 elementor-top-column elementor-element elementor-element-721b378a\" data-id=\"721b378a\" data-element_type=\"column\" data-e-type=\"column\">\n\t\t\t<div class=\"elementor-widget-wrap elementor-element-populated\">\n\t\t\t\t\t\t<div class=\"elementor-element elementor-element-2a65341c elementor-widget elementor-widget-hub_fancy_heading\" data-id=\"2a65341c\" data-element_type=\"widget\" data-e-type=\"widget\" data-widget_type=\"hub_fancy_heading.default\">\n\t\t\t\t<div class=\"elementor-widget-container\">\n\t\t\t\t\t\n\t\t<div id=\"ld-fancy-heading-69d2a556c3374\" class=\"ld-fancy-heading pos-rel\">\n\t\t\t<h6 class=\"ld-fh-element d-inline-block pos-rel  elementor-heading-title lqd-highlight-classic lqd-highlight-grow-left h6\"  > Get in touch<\/h6>\t\t<\/div>\n\n\t\t\t\t\t\t<\/div>\n\t\t\t\t<\/div>\n\t\t\t\t<div class=\"elementor-element elementor-element-6878009a elementor-widget elementor-widget-hub_fancy_heading\" data-id=\"6878009a\" data-element_type=\"widget\" data-e-type=\"widget\" data-widget_type=\"hub_fancy_heading.default\">\n\t\t\t\t<div class=\"elementor-widget-container\">\n\t\t\t\t\t\n\t\t<div id=\"ld-fancy-heading-69d2a556c3af6\" class=\"ld-fancy-heading pos-rel\">\n\t\t\t<p class=\"ld-fh-element d-inline-block pos-rel  lqd-highlight-classic lqd-highlight-grow-left p\"  > Have a project in mind? Send a message.<\/p>\t\t<\/div>\n\n\t\t\t\t\t\t<\/div>\n\t\t\t\t<\/div>\n\t\t\t\t\t<\/div>\n\t\t<\/div>\n\t\t\t\t\t<\/div>\n\t\t<\/section>\n\t\t\t\t<\/div>\n\t\t <\/div><\/div>\n\t\t<\/div>\n\t\t\t\t\t<\/div>\n\t\t\t\t<\/div>\n\t\t\t\t<div class=\"elementor-element elementor-element-9dcbc6b elementor-widget elementor-widget-spacer\" data-id=\"9dcbc6b\" data-element_type=\"widget\" data-e-type=\"widget\" data-widget_type=\"spacer.default\">\n\t\t\t\t<div class=\"elementor-widget-container\">\n\t\t\t\t\t\t\t<div class=\"elementor-spacer\">\n\t\t\t<div class=\"elementor-spacer-inner\"><\/div>\n\t\t<\/div>\n\t\t\t\t\t\t<\/div>\n\t\t\t\t<\/div>\n\t\t\t\t\t<\/div>\n\t\t<\/div>\n\t\t\t\t<div class=\"elementor-column elementor-col-50 elementor-top-column elementor-element elementor-element-737c779 elementor-hidden-tablet elementor-hidden-phone\" data-id=\"737c779\" data-element_type=\"column\" data-e-type=\"column\">\n\t\t\t<div class=\"elementor-widget-wrap\">\n\t\t\t\t\t\t\t<\/div>\n\t\t<\/div>\n\t\t\t\t\t<\/div>\n\t\t<\/section>\n\t\t\t\t<section class=\"elementor-section elementor-top-section elementor-element elementor-element-57b81aff elementor-section-boxed elementor-section-height-default elementor-section-height-default\" data-id=\"57b81aff\" data-element_type=\"section\" data-e-type=\"section\">\n\t\t\t\t\t\t<div class=\"elementor-container elementor-column-gap-default\">\n\t\t\t\t\t<div class=\"elementor-column elementor-col-50 elementor-top-column elementor-element elementor-element-9c357d2\" data-id=\"9c357d2\" data-element_type=\"column\" data-e-type=\"column\">\n\t\t\t<div class=\"elementor-widget-wrap elementor-element-populated\">\n\t\t\t\t\t\t<div class=\"elementor-element elementor-element-4efc643 elementor-widget elementor-widget-hub_fancy_heading\" data-id=\"4efc643\" data-element_type=\"widget\" data-e-type=\"widget\" data-widget_type=\"hub_fancy_heading.default\">\n\t\t\t\t<div class=\"elementor-widget-container\">\n\t\t\t\t\t\n\t\t<div id=\"ld-fancy-heading-69d2a556c41fd\" class=\"ld-fancy-heading pos-rel\">\n\t\t\t<h2 class=\"ld-fh-element d-inline-block pos-rel  elementor-heading-title lqd-highlight-classic lqd-highlight-grow-left h2\"  > O que se segue?<\/h2>\t\t<\/div>\n\n\t\t\t\t\t\t<\/div>\n\t\t\t\t<\/div>\n\t\t\t\t<div class=\"elementor-element elementor-element-7ae837f elementor-align-left elementor-widget elementor-widget-ld_icon_box\" data-id=\"7ae837f\" data-element_type=\"widget\" data-e-type=\"widget\" data-widget_type=\"ld_icon_box.default\">\n\t\t\t\t<div class=\"elementor-widget-container\">\n\t\t\t\t\t\n\t\t\t<div id=\"ld_icon_box_7ae837f\" class=\"iconbox d-flex flex-grow-1 pos-rel z-index-2 iconbox-side iconbox-icon-shaped iconbox-circle iconbox-icon-linked\"   >\n\n\t\t\t\t\n\t\t\t\t<div class=\"iconbox-icon-wrap  pos-rel\"><div class=\"iconbox-icon-container d-inline-flex pos-rel z-index-1 border-radius-circle\"><i aria-hidden=\"true\" class=\"lqd-icn-ess icon-num-1\"><\/i><\/div><\/div>\n\t\t\t\t\n\t\t\t\t<div class=\"contents \">\n\t\t\t\t\n\t\t\t\t<h3 class=\"lqd-iconbox-heading \" >J\u00e1 enviou as suas prefer\u00eancias. <\/h3>\t\t\t\t<p>A Edibbee Ag\u00eancia Digital entrar\u00e1 em contacto consigo para discutir os seus objectivos em maior detalhe, depois de termos compreendido as suas necessidades.<\/p>\n\t\t\t\t\n\t\t\t\t<\/div>\n\t\t\t\t\n\t\t\t<\/div>\n\n\t\t\t\t\t\t<\/div>\n\t\t\t\t<\/div>\n\t\t\t\t<div class=\"elementor-element elementor-element-4a95daf elementor-align-left elementor-widget elementor-widget-ld_icon_box\" data-id=\"4a95daf\" data-element_type=\"widget\" data-e-type=\"widget\" data-widget_type=\"ld_icon_box.default\">\n\t\t\t\t<div class=\"elementor-widget-container\">\n\t\t\t\t\t\n\t\t\t<div id=\"ld_icon_box_4a95daf\" class=\"iconbox d-flex flex-grow-1 pos-rel z-index-2 iconbox-side iconbox-icon-shaped iconbox-circle iconbox-icon-linked\"   >\n\n\t\t\t\t\n\t\t\t\t<div class=\"iconbox-icon-wrap  pos-rel\"><div class=\"iconbox-icon-container d-inline-flex pos-rel z-index-1 border-radius-circle\"><i aria-hidden=\"true\" class=\"lqd-icn-ess icon-num-2\"><\/i><\/div><\/div>\n\t\t\t\t\n\t\t\t\t<div class=\"contents \">\n\t\t\t\t\n\t\t\t\t<h3 class=\"lqd-iconbox-heading \" >Ap\u00f3s an\u00e1lise adicional, <\/h3>\t\t\t\t<p>Fornecemos-lhe uma estimativa de servi\u00e7os, prazos e pre\u00e7os que se enquadram na faixa de pre\u00e7os.<\/p>\n\t\t\t\t\n\t\t\t\t<\/div>\n\t\t\t\t\n\t\t\t<\/div>\n\n\t\t\t\t\t\t<\/div>\n\t\t\t\t<\/div>\n\t\t\t\t<div class=\"elementor-element elementor-element-b661d70 elementor-align-left elementor-widget elementor-widget-ld_icon_box\" data-id=\"b661d70\" data-element_type=\"widget\" data-e-type=\"widget\" data-widget_type=\"ld_icon_box.default\">\n\t\t\t\t<div class=\"elementor-widget-container\">\n\t\t\t\t\t\n\t\t\t<div id=\"ld_icon_box_b661d70\" class=\"iconbox d-flex flex-grow-1 pos-rel z-index-2 iconbox-side iconbox-icon-shaped iconbox-circle iconbox-icon-linked\"   >\n\n\t\t\t\t\n\t\t\t\t<div class=\"iconbox-icon-wrap  pos-rel\"><div class=\"iconbox-icon-container d-inline-flex pos-rel z-index-1 border-radius-circle\"><i aria-hidden=\"true\" class=\"lqd-icn-ess icon-num-3\"><\/i><\/div><\/div>\n\t\t\t\t\n\t\t\t\t<div class=\"contents \">\n\t\t\t\t\n\t\t\t\t<h3 class=\"lqd-iconbox-heading \" >Tudo pronto para ir! <\/h3>\t\t\t\t<p>Assinar\u00e1 uma proposta depois de chegarmos a um acordo, e entraremos em ac\u00e7\u00e3o.<\/p>\n\t\t\t\t\n\t\t\t\t<\/div>\n\t\t\t\t\n\t\t\t<\/div>\n\n\t\t\t\t\t\t<\/div>\n\t\t\t\t<\/div>\n\t\t\t\t\t<\/div>\n\t\t<\/div>\n\t\t\t\t<div class=\"elementor-column elementor-col-50 elementor-top-column elementor-element elementor-element-6698f326\" data-id=\"6698f326\" data-element_type=\"column\" data-e-type=\"column\">\n\t\t\t<div class=\"elementor-widget-wrap elementor-element-populated\">\n\t\t\t\t\t\t<div class=\"elementor-element elementor-element-7b72d57 elementor-widget elementor-widget-html\" data-id=\"7b72d57\" data-element_type=\"widget\" data-e-type=\"widget\" data-widget_type=\"html.default\">\n\t\t\t\t<div class=\"elementor-widget-container\">\n\t\t\t\t\t<script charset=\"utf-8\" type=\"text\/javascript\" src=\"\/\/js-eu1.hsforms.net\/forms\/v2.js\"><\/script><script>hbspt.forms.create({\n    region: \"eu1\",\n    portalId: \"25746799\",\n    formId: \"81d4e6b5-00b0-4085-b2fd-405d23f359e8\"\n  });\n<\/script>\t\t\t\t<\/div>\n\t\t\t\t<\/div>\n\t\t\t\t\t<\/div>\n\t\t<\/div>\n\t\t\t\t\t<\/div>\n\t\t<\/section>\n\t\t\t\t<\/div>\n\t\t","protected":false},"excerpt":{"rendered":"<p>Contacto n\u00f3s A nossa prioridade \u00e9 prestar um servi\u00e7o excepcional e o nosso foco principal \u00e9 o seu ROI e subsequentemente o nosso sucesso \u00e9 baseado no seu sucesso. Lisboa Mumbai Get in touch Have a project in mind? Send a message. Get in touch Have a project in mind? Send a message. O que [&hellip;]<\/p>\n","protected":false},"author":1,"featured_media":0,"parent":0,"menu_order":0,"comment_status":"closed","ping_status":"closed","template":"","meta":{"content-type":"","footnotes":""},"class_list":["post-34938","page","type-page","status-publish","hentry"],"yoast_head":"<!-- This site is optimized with the Yoast SEO plugin v27.3 - https:\/\/yoast.com\/product\/yoast-seo-wordpress\/ -->\n<title>Servi\u00e7os de refor\u00e7o de pessoal em Lisboa - Contacte-nos<\/title>\n<meta name=\"description\" content=\"A Edibbee Digital foi fundada em 2014 com sede em Lisboa. Ligue-se a n\u00f3s para discutir o projecto.\" \/>\n<meta name=\"robots\" content=\"index, follow, max-snippet:-1, max-image-preview:large, max-video-preview:-1\" \/>\n<link rel=\"canonical\" href=\"https:\/\/edibbee.com\/pt-pt\/contacto\/\" \/>\n<meta property=\"og:locale\" content=\"pt_PT\" \/>\n<meta property=\"og:type\" content=\"article\" \/>\n<meta property=\"og:title\" content=\"Servi\u00e7os de refor\u00e7o de pessoal em Lisboa - Contacte-nos\" \/>\n<meta property=\"og:description\" content=\"A Edibbee Digital foi fundada em 2014 com sede em Lisboa. Ligue-se a n\u00f3s para discutir o projecto.\" \/>\n<meta property=\"og:url\" content=\"https:\/\/edibbee.com\/pt-pt\/contacto\/\" \/>\n<meta property=\"og:site_name\" content=\"Edibbee\" \/>\n<meta property=\"article:publisher\" content=\"https:\/\/www.facebook.com\/edibbee\/\" \/>\n<meta property=\"article:modified_time\" content=\"2024-05-30T10:42:03+00:00\" \/>\n<meta property=\"og:image\" content=\"http:\/\/edibbee.com\/wp-content\/uploads\/2022\/06\/seo-service2-266x300.png\" \/>\n<meta name=\"twitter:card\" content=\"summary_large_image\" \/>\n<meta name=\"twitter:image\" content=\"http:\/\/edibbee.com\/wp-content\/uploads\/2022\/06\/seo-service2.png\" \/>\n<meta name=\"twitter:label1\" content=\"Tempo estimado de leitura\" \/>\n\t<meta name=\"twitter:data1\" content=\"1 minuto\" \/>\n<script type=\"application\/ld+json\" class=\"yoast-schema-graph\">{\"@context\":\"https:\\\/\\\/schema.org\",\"@graph\":[{\"@type\":\"WebPage\",\"@id\":\"https:\\\/\\\/edibbee.com\\\/pt-pt\\\/contacto\\\/\",\"url\":\"https:\\\/\\\/edibbee.com\\\/pt-pt\\\/contacto\\\/\",\"name\":\"Servi\u00e7os de refor\u00e7o de pessoal em Lisboa - Contacte-nos\",\"isPartOf\":{\"@id\":\"https:\\\/\\\/edibbee.com\\\/pt-pt\\\/#website\"},\"datePublished\":\"2021-08-25T13:23:02+00:00\",\"dateModified\":\"2024-05-30T10:42:03+00:00\",\"description\":\"A Edibbee Digital foi fundada em 2014 com sede em Lisboa. Ligue-se a n\u00f3s para discutir o projecto.\",\"breadcrumb\":{\"@id\":\"https:\\\/\\\/edibbee.com\\\/pt-pt\\\/contacto\\\/#breadcrumb\"},\"inLanguage\":\"pt-PT\",\"potentialAction\":[{\"@type\":\"ReadAction\",\"target\":[\"https:\\\/\\\/edibbee.com\\\/pt-pt\\\/contacto\\\/\"]}]},{\"@type\":\"BreadcrumbList\",\"@id\":\"https:\\\/\\\/edibbee.com\\\/pt-pt\\\/contacto\\\/#breadcrumb\",\"itemListElement\":[{\"@type\":\"ListItem\",\"position\":1,\"name\":\"Home\",\"item\":\"https:\\\/\\\/edibbee.com\\\/pt-pt\\\/edibbee\\\/\"},{\"@type\":\"ListItem\",\"position\":2,\"name\":\"Contacto\"}]},{\"@type\":\"WebSite\",\"@id\":\"https:\\\/\\\/edibbee.com\\\/pt-pt\\\/#website\",\"url\":\"https:\\\/\\\/edibbee.com\\\/pt-pt\\\/\",\"name\":\"Edibbee\",\"description\":\"\",\"potentialAction\":[{\"@type\":\"SearchAction\",\"target\":{\"@type\":\"EntryPoint\",\"urlTemplate\":\"https:\\\/\\\/edibbee.com\\\/pt-pt\\\/?s={search_term_string}\"},\"query-input\":{\"@type\":\"PropertyValueSpecification\",\"valueRequired\":true,\"valueName\":\"search_term_string\"}}],\"inLanguage\":\"pt-PT\"}]}<\/script>\n<!-- \/ Yoast SEO plugin. -->","yoast_head_json":{"title":"Servi\u00e7os de refor\u00e7o de pessoal em Lisboa - Contacte-nos","description":"A Edibbee Digital foi fundada em 2014 com sede em Lisboa. Ligue-se a n\u00f3s para discutir o projecto.","robots":{"index":"index","follow":"follow","max-snippet":"max-snippet:-1","max-image-preview":"max-image-preview:large","max-video-preview":"max-video-preview:-1"},"canonical":"https:\/\/edibbee.com\/pt-pt\/contacto\/","og_locale":"pt_PT","og_type":"article","og_title":"Servi\u00e7os de refor\u00e7o de pessoal em Lisboa - Contacte-nos","og_description":"A Edibbee Digital foi fundada em 2014 com sede em Lisboa. Ligue-se a n\u00f3s para discutir o projecto.","og_url":"https:\/\/edibbee.com\/pt-pt\/contacto\/","og_site_name":"Edibbee","article_publisher":"https:\/\/www.facebook.com\/edibbee\/","article_modified_time":"2024-05-30T10:42:03+00:00","og_image":[{"url":"http:\/\/edibbee.com\/wp-content\/uploads\/2022\/06\/seo-service2-266x300.png","type":"","width":"","height":""}],"twitter_card":"summary_large_image","twitter_image":"http:\/\/edibbee.com\/wp-content\/uploads\/2022\/06\/seo-service2.png","twitter_misc":{"Tempo estimado de leitura":"1 minuto"},"schema":{"@context":"https:\/\/schema.org","@graph":[{"@type":"WebPage","@id":"https:\/\/edibbee.com\/pt-pt\/contacto\/","url":"https:\/\/edibbee.com\/pt-pt\/contacto\/","name":"Servi\u00e7os de refor\u00e7o de pessoal em Lisboa - Contacte-nos","isPartOf":{"@id":"https:\/\/edibbee.com\/pt-pt\/#website"},"datePublished":"2021-08-25T13:23:02+00:00","dateModified":"2024-05-30T10:42:03+00:00","description":"A Edibbee Digital foi fundada em 2014 com sede em Lisboa. Ligue-se a n\u00f3s para discutir o projecto.","breadcrumb":{"@id":"https:\/\/edibbee.com\/pt-pt\/contacto\/#breadcrumb"},"inLanguage":"pt-PT","potentialAction":[{"@type":"ReadAction","target":["https:\/\/edibbee.com\/pt-pt\/contacto\/"]}]},{"@type":"BreadcrumbList","@id":"https:\/\/edibbee.com\/pt-pt\/contacto\/#breadcrumb","itemListElement":[{"@type":"ListItem","position":1,"name":"Home","item":"https:\/\/edibbee.com\/pt-pt\/edibbee\/"},{"@type":"ListItem","position":2,"name":"Contacto"}]},{"@type":"WebSite","@id":"https:\/\/edibbee.com\/pt-pt\/#website","url":"https:\/\/edibbee.com\/pt-pt\/","name":"Edibbee","description":"","potentialAction":[{"@type":"SearchAction","target":{"@type":"EntryPoint","urlTemplate":"https:\/\/edibbee.com\/pt-pt\/?s={search_term_string}"},"query-input":{"@type":"PropertyValueSpecification","valueRequired":true,"valueName":"search_term_string"}}],"inLanguage":"pt-PT"}]}},"_links":{"self":[{"href":"https:\/\/edibbee.com\/pt-pt\/wp-json\/wp\/v2\/pages\/34938","targetHints":{"allow":["GET"]}}],"collection":[{"href":"https:\/\/edibbee.com\/pt-pt\/wp-json\/wp\/v2\/pages"}],"about":[{"href":"https:\/\/edibbee.com\/pt-pt\/wp-json\/wp\/v2\/types\/page"}],"author":[{"embeddable":true,"href":"https:\/\/edibbee.com\/pt-pt\/wp-json\/wp\/v2\/users\/1"}],"replies":[{"embeddable":true,"href":"https:\/\/edibbee.com\/pt-pt\/wp-json\/wp\/v2\/comments?post=34938"}],"version-history":[{"count":1,"href":"https:\/\/edibbee.com\/pt-pt\/wp-json\/wp\/v2\/pages\/34938\/revisions"}],"predecessor-version":[{"id":34939,"href":"https:\/\/edibbee.com\/pt-pt\/wp-json\/wp\/v2\/pages\/34938\/revisions\/34939"}],"wp:attachment":[{"href":"https:\/\/edibbee.com\/pt-pt\/wp-json\/wp\/v2\/media?parent=34938"}],"curies":[{"name":"wp","href":"https:\/\/api.w.org\/{rel}","templated":true}]}}